{"id":11799,"date":"2024-08-26T11:17:31","date_gmt":"2024-08-26T09:17:31","guid":{"rendered":"https:\/\/www.cupt.gov.pl\/ceutp\/international-cooperation\/korytarze-solidarnosci-ue-ua\/"},"modified":"2025-01-14T13:58:43","modified_gmt":"2025-01-14T12:58:43","slug":"korytarze-solidarnosci-ue-ua","status":"publish","type":"page","link":"https:\/\/www.cupt.gov.pl\/en\/ceutp\/international-cooperation\/korytarze-solidarnosci-ue-ua\/","title":{"rendered":"Solidarity Lanes: European Union &#8211; Ukraine"},"content":{"rendered":"","protected":false},"excerpt":{"rendered":"","protected":false},"author":2,"featured_media":0,"parent":6461,"menu_order":3,"comment_status":"closed","ping_status":"closed","template":"","meta":{"_acf_changed":false,"inline_featured_image":false,"_lmt_disableupdate":"","_lmt_disable":"","footnotes":""},"class_list":["post-11799","page","type-page","status-publish","hentry"],"acf":[],"yoast_head":"<!-- This site is optimized with the Yoast SEO Premium plugin v27.3 (Yoast SEO v27.3) - https:\/\/yoast.com\/product\/yoast-seo-premium-wordpress\/ -->\n<title>Solidarity Lanes: European Union - Ukraine - The Centre for EU Transport Projects (CEUTP)<\/title>\n<meta name=\"description\" content=\"See more about the role of the Centre for EU Transport Projects (CEUTP) in implementing the Solidarity Lanes programme.\" \/>\n<meta name=\"robots\" content=\"index, follow, max-snippet:-1, max-image-preview:large, max-video-preview:-1\" \/>\n<link rel=\"canonical\" href=\"https:\/\/www.cupt.gov.pl\/en\/ceutp\/international-cooperation\/korytarze-solidarnosci-ue-ua\/\" \/>\n<meta property=\"og:locale\" content=\"en_US\" \/>\n<meta property=\"og:type\" content=\"article\" \/>\n<meta property=\"og:title\" content=\"Solidarity Lanes: European Union - Ukraine\" \/>\n<meta property=\"og:description\" content=\"See more about the role of the Centre for EU Transport Projects (CEUTP) in implementing the Solidarity Lanes programme.\" \/>\n<meta property=\"og:url\" content=\"https:\/\/www.cupt.gov.pl\/en\/ceutp\/international-cooperation\/korytarze-solidarnosci-ue-ua\/\" \/>\n<meta property=\"og:site_name\" content=\"The Centre for EU Transport Projects (CEUTP)\" \/>\n<meta property=\"article:publisher\" content=\"https:\/\/www.facebook.com\/CUPTgovPL\/\" \/>\n<meta property=\"article:modified_time\" content=\"2025-01-14T12:58:43+00:00\" \/>\n<meta property=\"og:image\" content=\"https:\/\/www.cupt.gov.pl\/wp-content\/uploads\/2022\/05\/centrum-unijnych-projektow-transportowych_779.jpg\" \/>\n\t<meta property=\"og:image:width\" content=\"1920\" \/>\n\t<meta property=\"og:image:height\" content=\"1281\" \/>\n\t<meta property=\"og:image:type\" content=\"image\/jpeg\" \/>\n<meta name=\"twitter:card\" content=\"summary_large_image\" \/>\n<meta name=\"twitter:site\" content=\"@CUPT_gov_pl\" \/>\n<script type=\"application\/ld+json\" class=\"yoast-schema-graph\">{\"@context\":\"https:\\\/\\\/schema.org\",\"@graph\":[{\"@type\":\"WebPage\",\"@id\":\"https:\\\/\\\/www.cupt.gov.pl\\\/en\\\/ceutp\\\/international-cooperation\\\/korytarze-solidarnosci-ue-ua\\\/\",\"url\":\"https:\\\/\\\/www.cupt.gov.pl\\\/en\\\/ceutp\\\/international-cooperation\\\/korytarze-solidarnosci-ue-ua\\\/\",\"name\":\"Solidarity Lanes: European Union - Ukraine - The Centre for EU Transport Projects (CEUTP)\",\"isPartOf\":{\"@id\":\"https:\\\/\\\/www.cupt.gov.pl\\\/#website\"},\"datePublished\":\"2024-08-26T09:17:31+00:00\",\"dateModified\":\"2025-01-14T12:58:43+00:00\",\"description\":\"See more about the role of the Centre for EU Transport Projects (CEUTP) in implementing the Solidarity Lanes programme.\",\"breadcrumb\":{\"@id\":\"https:\\\/\\\/www.cupt.gov.pl\\\/en\\\/ceutp\\\/international-cooperation\\\/korytarze-solidarnosci-ue-ua\\\/#breadcrumb\"},\"inLanguage\":\"en-US\",\"potentialAction\":[{\"@type\":\"ReadAction\",\"target\":[\"https:\\\/\\\/www.cupt.gov.pl\\\/en\\\/ceutp\\\/international-cooperation\\\/korytarze-solidarnosci-ue-ua\\\/\"]}]},{\"@type\":\"BreadcrumbList\",\"@id\":\"https:\\\/\\\/www.cupt.gov.pl\\\/en\\\/ceutp\\\/international-cooperation\\\/korytarze-solidarnosci-ue-ua\\\/#breadcrumb\",\"itemListElement\":[{\"@type\":\"ListItem\",\"position\":1,\"name\":\"Home\",\"item\":\"https:\\\/\\\/www.cupt.gov.pl\\\/en\\\/przykladowa-strona\\\/\"},{\"@type\":\"ListItem\",\"position\":2,\"name\":\"CEUTP\",\"item\":\"https:\\\/\\\/www.cupt.gov.pl\\\/en\\\/ceutp\\\/\"},{\"@type\":\"ListItem\",\"position\":3,\"name\":\"International cooperation\",\"item\":\"https:\\\/\\\/www.cupt.gov.pl\\\/en\\\/ceutp\\\/international-cooperation\\\/\"},{\"@type\":\"ListItem\",\"position\":4,\"name\":\"Solidarity Lanes: European Union &#8211; Ukraine\"}]},{\"@type\":\"WebSite\",\"@id\":\"https:\\\/\\\/www.cupt.gov.pl\\\/#website\",\"url\":\"https:\\\/\\\/www.cupt.gov.pl\\\/\",\"name\":\"Centrum Unijnych Projekt\u00f3w Transportowych\",\"description\":\"Centrum Unijnych Projekt\u00f3w Transportowych (CUPT) jest jednostk\u0105, kt\u00f3ra zarz\u0105dza Funduszami Europejskimi dla transportu w Polsce.\",\"publisher\":{\"@id\":\"https:\\\/\\\/www.cupt.gov.pl\\\/#organization\"},\"alternateName\":\"CUPT\",\"potentialAction\":[{\"@type\":\"SearchAction\",\"target\":{\"@type\":\"EntryPoint\",\"urlTemplate\":\"https:\\\/\\\/www.cupt.gov.pl\\\/?s={search_term_string}\"},\"query-input\":{\"@type\":\"PropertyValueSpecification\",\"valueRequired\":true,\"valueName\":\"search_term_string\"}}],\"inLanguage\":\"en-US\"},{\"@type\":\"Organization\",\"@id\":\"https:\\\/\\\/www.cupt.gov.pl\\\/#organization\",\"name\":\"The Centre for EU Transport Projects (CEUTP)\",\"alternateName\":\"CUPT\",\"url\":\"https:\\\/\\\/www.cupt.gov.pl\\\/\",\"logo\":{\"@type\":\"ImageObject\",\"inLanguage\":\"en-US\",\"@id\":\"https:\\\/\\\/www.cupt.gov.pl\\\/#\\\/schema\\\/logo\\\/image\\\/\",\"url\":\"https:\\\/\\\/www.cupt.gov.pl\\\/wp-content\\\/uploads\\\/2022\\\/05\\\/logo_centrum-unijnych-projektow-transportowych_446.png\",\"contentUrl\":\"https:\\\/\\\/www.cupt.gov.pl\\\/wp-content\\\/uploads\\\/2022\\\/05\\\/logo_centrum-unijnych-projektow-transportowych_446.png\",\"width\":351,\"height\":101,\"caption\":\"The Centre for EU Transport Projects (CEUTP)\"},\"image\":{\"@id\":\"https:\\\/\\\/www.cupt.gov.pl\\\/#\\\/schema\\\/logo\\\/image\\\/\"},\"sameAs\":[\"https:\\\/\\\/www.facebook.com\\\/CUPTgovPL\\\/\",\"https:\\\/\\\/x.com\\\/CUPT_gov_pl\",\"https:\\\/\\\/www.linkedin.com\\\/company\\\/cupt\\\/\",\"https:\\\/\\\/www.youtube.com\\\/channel\\\/UCTThkAjtgmD8xUuMtj5uhqA\",\"https:\\\/\\\/pl.wikipedia.org\\\/wiki\\\/Centrum_Unijnych_Projekt\u00f3w_Transportowych\"]}]}<\/script>\n<!-- \/ Yoast SEO Premium plugin. -->","yoast_head_json":{"title":"Solidarity Lanes: European Union - Ukraine - The Centre for EU Transport Projects (CEUTP)","description":"See more about the role of the Centre for EU Transport Projects (CEUTP) in implementing the Solidarity Lanes programme.","robots":{"index":"index","follow":"follow","max-snippet":"max-snippet:-1","max-image-preview":"max-image-preview:large","max-video-preview":"max-video-preview:-1"},"canonical":"https:\/\/www.cupt.gov.pl\/en\/ceutp\/international-cooperation\/korytarze-solidarnosci-ue-ua\/","og_locale":"en_US","og_type":"article","og_title":"Solidarity Lanes: European Union - Ukraine","og_description":"See more about the role of the Centre for EU Transport Projects (CEUTP) in implementing the Solidarity Lanes programme.","og_url":"https:\/\/www.cupt.gov.pl\/en\/ceutp\/international-cooperation\/korytarze-solidarnosci-ue-ua\/","og_site_name":"The Centre for EU Transport Projects (CEUTP)","article_publisher":"https:\/\/www.facebook.com\/CUPTgovPL\/","article_modified_time":"2025-01-14T12:58:43+00:00","og_image":[{"width":1920,"height":1281,"url":"https:\/\/www.cupt.gov.pl\/wp-content\/uploads\/2022\/05\/centrum-unijnych-projektow-transportowych_779.jpg","type":"image\/jpeg"}],"twitter_card":"summary_large_image","twitter_site":"@CUPT_gov_pl","schema":{"@context":"https:\/\/schema.org","@graph":[{"@type":"WebPage","@id":"https:\/\/www.cupt.gov.pl\/en\/ceutp\/international-cooperation\/korytarze-solidarnosci-ue-ua\/","url":"https:\/\/www.cupt.gov.pl\/en\/ceutp\/international-cooperation\/korytarze-solidarnosci-ue-ua\/","name":"Solidarity Lanes: European Union - Ukraine - The Centre for EU Transport Projects (CEUTP)","isPartOf":{"@id":"https:\/\/www.cupt.gov.pl\/#website"},"datePublished":"2024-08-26T09:17:31+00:00","dateModified":"2025-01-14T12:58:43+00:00","description":"See more about the role of the Centre for EU Transport Projects (CEUTP) in implementing the Solidarity Lanes programme.","breadcrumb":{"@id":"https:\/\/www.cupt.gov.pl\/en\/ceutp\/international-cooperation\/korytarze-solidarnosci-ue-ua\/#breadcrumb"},"inLanguage":"en-US","potentialAction":[{"@type":"ReadAction","target":["https:\/\/www.cupt.gov.pl\/en\/ceutp\/international-cooperation\/korytarze-solidarnosci-ue-ua\/"]}]},{"@type":"BreadcrumbList","@id":"https:\/\/www.cupt.gov.pl\/en\/ceutp\/international-cooperation\/korytarze-solidarnosci-ue-ua\/#breadcrumb","itemListElement":[{"@type":"ListItem","position":1,"name":"Home","item":"https:\/\/www.cupt.gov.pl\/en\/przykladowa-strona\/"},{"@type":"ListItem","position":2,"name":"CEUTP","item":"https:\/\/www.cupt.gov.pl\/en\/ceutp\/"},{"@type":"ListItem","position":3,"name":"International cooperation","item":"https:\/\/www.cupt.gov.pl\/en\/ceutp\/international-cooperation\/"},{"@type":"ListItem","position":4,"name":"Solidarity Lanes: European Union &#8211; Ukraine"}]},{"@type":"WebSite","@id":"https:\/\/www.cupt.gov.pl\/#website","url":"https:\/\/www.cupt.gov.pl\/","name":"Centrum Unijnych Projekt\u00f3w Transportowych","description":"Centrum Unijnych Projekt\u00f3w Transportowych (CUPT) jest jednostk\u0105, kt\u00f3ra zarz\u0105dza Funduszami Europejskimi dla transportu w Polsce.","publisher":{"@id":"https:\/\/www.cupt.gov.pl\/#organization"},"alternateName":"CUPT","potentialAction":[{"@type":"SearchAction","target":{"@type":"EntryPoint","urlTemplate":"https:\/\/www.cupt.gov.pl\/?s={search_term_string}"},"query-input":{"@type":"PropertyValueSpecification","valueRequired":true,"valueName":"search_term_string"}}],"inLanguage":"en-US"},{"@type":"Organization","@id":"https:\/\/www.cupt.gov.pl\/#organization","name":"The Centre for EU Transport Projects (CEUTP)","alternateName":"CUPT","url":"https:\/\/www.cupt.gov.pl\/","logo":{"@type":"ImageObject","inLanguage":"en-US","@id":"https:\/\/www.cupt.gov.pl\/#\/schema\/logo\/image\/","url":"https:\/\/www.cupt.gov.pl\/wp-content\/uploads\/2022\/05\/logo_centrum-unijnych-projektow-transportowych_446.png","contentUrl":"https:\/\/www.cupt.gov.pl\/wp-content\/uploads\/2022\/05\/logo_centrum-unijnych-projektow-transportowych_446.png","width":351,"height":101,"caption":"The Centre for EU Transport Projects (CEUTP)"},"image":{"@id":"https:\/\/www.cupt.gov.pl\/#\/schema\/logo\/image\/"},"sameAs":["https:\/\/www.facebook.com\/CUPTgovPL\/","https:\/\/x.com\/CUPT_gov_pl","https:\/\/www.linkedin.com\/company\/cupt\/","https:\/\/www.youtube.com\/channel\/UCTThkAjtgmD8xUuMtj5uhqA","https:\/\/pl.wikipedia.org\/wiki\/Centrum_Unijnych_Projekt\u00f3w_Transportowych"]}]}},"_links":{"self":[{"href":"https:\/\/www.cupt.gov.pl\/en\/wp-json\/wp\/v2\/pages\/11799","targetHints":{"allow":["GET"]}}],"collection":[{"href":"https:\/\/www.cupt.gov.pl\/en\/wp-json\/wp\/v2\/pages"}],"about":[{"href":"https:\/\/www.cupt.gov.pl\/en\/wp-json\/wp\/v2\/types\/page"}],"author":[{"embeddable":true,"href":"https:\/\/www.cupt.gov.pl\/en\/wp-json\/wp\/v2\/users\/2"}],"replies":[{"embeddable":true,"href":"https:\/\/www.cupt.gov.pl\/en\/wp-json\/wp\/v2\/comments?post=11799"}],"version-history":[{"count":14,"href":"https:\/\/www.cupt.gov.pl\/en\/wp-json\/wp\/v2\/pages\/11799\/revisions"}],"predecessor-version":[{"id":13091,"href":"https:\/\/www.cupt.gov.pl\/en\/wp-json\/wp\/v2\/pages\/11799\/revisions\/13091"}],"up":[{"embeddable":true,"href":"https:\/\/www.cupt.gov.pl\/en\/wp-json\/wp\/v2\/pages\/6461"}],"wp:attachment":[{"href":"https:\/\/www.cupt.gov.pl\/en\/wp-json\/wp\/v2\/media?parent=11799"}],"curies":[{"name":"wp","href":"https:\/\/api.w.org\/{rel}","templated":true}]}}