{"id":17121,"date":"2025-12-12T10:49:56","date_gmt":"2025-12-12T09:49:56","guid":{"rendered":"https:\/\/www.cupt.gov.pl\/european-funds-for-infrastructure-climate-environment-2021-2027\/"},"modified":"2026-01-12T12:10:40","modified_gmt":"2026-01-12T11:10:40","slug":"european-funds-for-infrastructure-climate-environment-2021-2027","status":"publish","type":"page","link":"https:\/\/www.cupt.gov.pl\/en\/european-funds\/european-funds-for-infrastructure-climate-environment-2021-2027\/","title":{"rendered":"The European Funds for Infrastructure, Climate, Environment 2021-2027"},"content":{"rendered":"","protected":false},"excerpt":{"rendered":"","protected":false},"author":2,"featured_media":0,"parent":4257,"menu_order":39,"comment_status":"closed","ping_status":"closed","template":"","meta":{"_acf_changed":false,"inline_featured_image":false,"_lmt_disableupdate":"no","_lmt_disable":"","footnotes":""},"class_list":["post-17121","page","type-page","status-publish","hentry"],"acf":[],"yoast_head":"<!-- This site is optimized with the Yoast SEO Premium plugin v27.3 (Yoast SEO v27.3) - https:\/\/yoast.com\/product\/yoast-seo-premium-wordpress\/ -->\n<title>The European Funds for Infrastructure, Climate, Environment 2021-2027 - The Centre for EU Transport Projects (CEUTP)<\/title>\n<meta name=\"description\" content=\"Here you will find all the latest information on the European Funds for Infrastructure, Climate, and Environment program.\" \/>\n<meta name=\"robots\" content=\"index, follow, max-snippet:-1, max-image-preview:large, max-video-preview:-1\" \/>\n<link rel=\"canonical\" href=\"https:\/\/www.cupt.gov.pl\/en\/european-funds\/european-funds-for-infrastructure-climate-environment-2021-2027\/\" \/>\n<meta property=\"og:locale\" content=\"en_US\" \/>\n<meta property=\"og:type\" content=\"article\" \/>\n<meta property=\"og:title\" content=\"The European Funds for Infrastructure, Climate, Environment 2021-2027\" \/>\n<meta property=\"og:description\" content=\"Here you will find all the latest information on the European Funds for Infrastructure, Climate, and Environment program.\" \/>\n<meta property=\"og:url\" content=\"https:\/\/www.cupt.gov.pl\/en\/european-funds\/european-funds-for-infrastructure-climate-environment-2021-2027\/\" \/>\n<meta property=\"og:site_name\" content=\"The Centre for EU Transport Projects (CEUTP)\" \/>\n<meta property=\"article:publisher\" content=\"https:\/\/www.facebook.com\/CUPTgovPL\/\" \/>\n<meta property=\"article:modified_time\" content=\"2026-01-12T11:10:40+00:00\" \/>\n<meta property=\"og:image\" content=\"https:\/\/www.cupt.gov.pl\/wp-content\/uploads\/2023\/02\/fundusze-zastawka-feniks-21-27_677.jpg\" \/>\n<meta name=\"twitter:card\" content=\"summary_large_image\" \/>\n<meta name=\"twitter:site\" content=\"@CUPT_gov_pl\" \/>\n<script type=\"application\/ld+json\" class=\"yoast-schema-graph\">{\"@context\":\"https:\\\/\\\/schema.org\",\"@graph\":[{\"@type\":\"WebPage\",\"@id\":\"https:\\\/\\\/www.cupt.gov.pl\\\/en\\\/european-funds\\\/european-funds-for-infrastructure-climate-environment-2021-2027\\\/\",\"url\":\"https:\\\/\\\/www.cupt.gov.pl\\\/en\\\/european-funds\\\/european-funds-for-infrastructure-climate-environment-2021-2027\\\/\",\"name\":\"The European Funds for Infrastructure, Climate, Environment 2021-2027 - The Centre for EU Transport Projects (CEUTP)\",\"isPartOf\":{\"@id\":\"https:\\\/\\\/www.cupt.gov.pl\\\/#website\"},\"datePublished\":\"2025-12-12T09:49:56+00:00\",\"dateModified\":\"2026-01-12T11:10:40+00:00\",\"description\":\"Here you will find all the latest information on the European Funds for Infrastructure, Climate, and Environment program.\",\"breadcrumb\":{\"@id\":\"https:\\\/\\\/www.cupt.gov.pl\\\/en\\\/european-funds\\\/european-funds-for-infrastructure-climate-environment-2021-2027\\\/#breadcrumb\"},\"inLanguage\":\"en-US\",\"potentialAction\":[{\"@type\":\"ReadAction\",\"target\":[\"https:\\\/\\\/www.cupt.gov.pl\\\/en\\\/european-funds\\\/european-funds-for-infrastructure-climate-environment-2021-2027\\\/\"]}]},{\"@type\":\"BreadcrumbList\",\"@id\":\"https:\\\/\\\/www.cupt.gov.pl\\\/en\\\/european-funds\\\/european-funds-for-infrastructure-climate-environment-2021-2027\\\/#breadcrumb\",\"itemListElement\":[{\"@type\":\"ListItem\",\"position\":1,\"name\":\"Home\",\"item\":\"https:\\\/\\\/www.cupt.gov.pl\\\/en\\\/przykladowa-strona\\\/\"},{\"@type\":\"ListItem\",\"position\":2,\"name\":\"European funds\",\"item\":\"https:\\\/\\\/www.cupt.gov.pl\\\/en\\\/european-funds\\\/\"},{\"@type\":\"ListItem\",\"position\":3,\"name\":\"The European Funds for Infrastructure, Climate, Environment 2021-2027\"}]},{\"@type\":\"WebSite\",\"@id\":\"https:\\\/\\\/www.cupt.gov.pl\\\/#website\",\"url\":\"https:\\\/\\\/www.cupt.gov.pl\\\/\",\"name\":\"Centrum Unijnych Projekt\u00f3w Transportowych\",\"description\":\"Centrum Unijnych Projekt\u00f3w Transportowych (CUPT) jest jednostk\u0105, kt\u00f3ra zarz\u0105dza Funduszami Europejskimi dla transportu w Polsce.\",\"publisher\":{\"@id\":\"https:\\\/\\\/www.cupt.gov.pl\\\/#organization\"},\"alternateName\":\"CUPT\",\"potentialAction\":[{\"@type\":\"SearchAction\",\"target\":{\"@type\":\"EntryPoint\",\"urlTemplate\":\"https:\\\/\\\/www.cupt.gov.pl\\\/?s={search_term_string}\"},\"query-input\":{\"@type\":\"PropertyValueSpecification\",\"valueRequired\":true,\"valueName\":\"search_term_string\"}}],\"inLanguage\":\"en-US\"},{\"@type\":\"Organization\",\"@id\":\"https:\\\/\\\/www.cupt.gov.pl\\\/#organization\",\"name\":\"The Centre for EU Transport Projects (CEUTP)\",\"alternateName\":\"CUPT\",\"url\":\"https:\\\/\\\/www.cupt.gov.pl\\\/\",\"logo\":{\"@type\":\"ImageObject\",\"inLanguage\":\"en-US\",\"@id\":\"https:\\\/\\\/www.cupt.gov.pl\\\/#\\\/schema\\\/logo\\\/image\\\/\",\"url\":\"https:\\\/\\\/www.cupt.gov.pl\\\/wp-content\\\/uploads\\\/2022\\\/05\\\/logo_centrum-unijnych-projektow-transportowych_446.png\",\"contentUrl\":\"https:\\\/\\\/www.cupt.gov.pl\\\/wp-content\\\/uploads\\\/2022\\\/05\\\/logo_centrum-unijnych-projektow-transportowych_446.png\",\"width\":351,\"height\":101,\"caption\":\"The Centre for EU Transport Projects (CEUTP)\"},\"image\":{\"@id\":\"https:\\\/\\\/www.cupt.gov.pl\\\/#\\\/schema\\\/logo\\\/image\\\/\"},\"sameAs\":[\"https:\\\/\\\/www.facebook.com\\\/CUPTgovPL\\\/\",\"https:\\\/\\\/x.com\\\/CUPT_gov_pl\",\"https:\\\/\\\/www.linkedin.com\\\/company\\\/cupt\\\/\",\"https:\\\/\\\/www.youtube.com\\\/channel\\\/UCTThkAjtgmD8xUuMtj5uhqA\",\"https:\\\/\\\/pl.wikipedia.org\\\/wiki\\\/Centrum_Unijnych_Projekt\u00f3w_Transportowych\"]}]}<\/script>\n<!-- \/ Yoast SEO Premium plugin. -->","yoast_head_json":{"title":"The European Funds for Infrastructure, Climate, Environment 2021-2027 - The Centre for EU Transport Projects (CEUTP)","description":"Here you will find all the latest information on the European Funds for Infrastructure, Climate, and Environment program.","robots":{"index":"index","follow":"follow","max-snippet":"max-snippet:-1","max-image-preview":"max-image-preview:large","max-video-preview":"max-video-preview:-1"},"canonical":"https:\/\/www.cupt.gov.pl\/en\/european-funds\/european-funds-for-infrastructure-climate-environment-2021-2027\/","og_locale":"en_US","og_type":"article","og_title":"The European Funds for Infrastructure, Climate, Environment 2021-2027","og_description":"Here you will find all the latest information on the European Funds for Infrastructure, Climate, and Environment program.","og_url":"https:\/\/www.cupt.gov.pl\/en\/european-funds\/european-funds-for-infrastructure-climate-environment-2021-2027\/","og_site_name":"The Centre for EU Transport Projects (CEUTP)","article_publisher":"https:\/\/www.facebook.com\/CUPTgovPL\/","article_modified_time":"2026-01-12T11:10:40+00:00","og_image":[{"url":"https:\/\/www.cupt.gov.pl\/wp-content\/uploads\/2023\/02\/fundusze-zastawka-feniks-21-27_677.jpg","type":"","width":"","height":""}],"twitter_card":"summary_large_image","twitter_site":"@CUPT_gov_pl","schema":{"@context":"https:\/\/schema.org","@graph":[{"@type":"WebPage","@id":"https:\/\/www.cupt.gov.pl\/en\/european-funds\/european-funds-for-infrastructure-climate-environment-2021-2027\/","url":"https:\/\/www.cupt.gov.pl\/en\/european-funds\/european-funds-for-infrastructure-climate-environment-2021-2027\/","name":"The European Funds for Infrastructure, Climate, Environment 2021-2027 - The Centre for EU Transport Projects (CEUTP)","isPartOf":{"@id":"https:\/\/www.cupt.gov.pl\/#website"},"datePublished":"2025-12-12T09:49:56+00:00","dateModified":"2026-01-12T11:10:40+00:00","description":"Here you will find all the latest information on the European Funds for Infrastructure, Climate, and Environment program.","breadcrumb":{"@id":"https:\/\/www.cupt.gov.pl\/en\/european-funds\/european-funds-for-infrastructure-climate-environment-2021-2027\/#breadcrumb"},"inLanguage":"en-US","potentialAction":[{"@type":"ReadAction","target":["https:\/\/www.cupt.gov.pl\/en\/european-funds\/european-funds-for-infrastructure-climate-environment-2021-2027\/"]}]},{"@type":"BreadcrumbList","@id":"https:\/\/www.cupt.gov.pl\/en\/european-funds\/european-funds-for-infrastructure-climate-environment-2021-2027\/#breadcrumb","itemListElement":[{"@type":"ListItem","position":1,"name":"Home","item":"https:\/\/www.cupt.gov.pl\/en\/przykladowa-strona\/"},{"@type":"ListItem","position":2,"name":"European funds","item":"https:\/\/www.cupt.gov.pl\/en\/european-funds\/"},{"@type":"ListItem","position":3,"name":"The European Funds for Infrastructure, Climate, Environment 2021-2027"}]},{"@type":"WebSite","@id":"https:\/\/www.cupt.gov.pl\/#website","url":"https:\/\/www.cupt.gov.pl\/","name":"Centrum Unijnych Projekt\u00f3w Transportowych","description":"Centrum Unijnych Projekt\u00f3w Transportowych (CUPT) jest jednostk\u0105, kt\u00f3ra zarz\u0105dza Funduszami Europejskimi dla transportu w Polsce.","publisher":{"@id":"https:\/\/www.cupt.gov.pl\/#organization"},"alternateName":"CUPT","potentialAction":[{"@type":"SearchAction","target":{"@type":"EntryPoint","urlTemplate":"https:\/\/www.cupt.gov.pl\/?s={search_term_string}"},"query-input":{"@type":"PropertyValueSpecification","valueRequired":true,"valueName":"search_term_string"}}],"inLanguage":"en-US"},{"@type":"Organization","@id":"https:\/\/www.cupt.gov.pl\/#organization","name":"The Centre for EU Transport Projects (CEUTP)","alternateName":"CUPT","url":"https:\/\/www.cupt.gov.pl\/","logo":{"@type":"ImageObject","inLanguage":"en-US","@id":"https:\/\/www.cupt.gov.pl\/#\/schema\/logo\/image\/","url":"https:\/\/www.cupt.gov.pl\/wp-content\/uploads\/2022\/05\/logo_centrum-unijnych-projektow-transportowych_446.png","contentUrl":"https:\/\/www.cupt.gov.pl\/wp-content\/uploads\/2022\/05\/logo_centrum-unijnych-projektow-transportowych_446.png","width":351,"height":101,"caption":"The Centre for EU Transport Projects (CEUTP)"},"image":{"@id":"https:\/\/www.cupt.gov.pl\/#\/schema\/logo\/image\/"},"sameAs":["https:\/\/www.facebook.com\/CUPTgovPL\/","https:\/\/x.com\/CUPT_gov_pl","https:\/\/www.linkedin.com\/company\/cupt\/","https:\/\/www.youtube.com\/channel\/UCTThkAjtgmD8xUuMtj5uhqA","https:\/\/pl.wikipedia.org\/wiki\/Centrum_Unijnych_Projekt\u00f3w_Transportowych"]}]}},"_links":{"self":[{"href":"https:\/\/www.cupt.gov.pl\/en\/wp-json\/wp\/v2\/pages\/17121","targetHints":{"allow":["GET"]}}],"collection":[{"href":"https:\/\/www.cupt.gov.pl\/en\/wp-json\/wp\/v2\/pages"}],"about":[{"href":"https:\/\/www.cupt.gov.pl\/en\/wp-json\/wp\/v2\/types\/page"}],"author":[{"embeddable":true,"href":"https:\/\/www.cupt.gov.pl\/en\/wp-json\/wp\/v2\/users\/2"}],"replies":[{"embeddable":true,"href":"https:\/\/www.cupt.gov.pl\/en\/wp-json\/wp\/v2\/comments?post=17121"}],"version-history":[{"count":2,"href":"https:\/\/www.cupt.gov.pl\/en\/wp-json\/wp\/v2\/pages\/17121\/revisions"}],"predecessor-version":[{"id":17251,"href":"https:\/\/www.cupt.gov.pl\/en\/wp-json\/wp\/v2\/pages\/17121\/revisions\/17251"}],"up":[{"embeddable":true,"href":"https:\/\/www.cupt.gov.pl\/en\/wp-json\/wp\/v2\/pages\/4257"}],"wp:attachment":[{"href":"https:\/\/www.cupt.gov.pl\/en\/wp-json\/wp\/v2\/media?parent=17121"}],"curies":[{"name":"wp","href":"https:\/\/api.w.org\/{rel}","templated":true}]}}